{"id":135,"date":"2022-07-28T12:38:46","date_gmt":"2022-07-28T12:38:46","guid":{"rendered":"https:\/\/teamplate.crft.com.pl\/impressum\/"},"modified":"2023-09-11T06:36:51","modified_gmt":"2023-09-11T06:36:51","slug":"impressum","status":"publish","type":"page","link":"https:\/\/www.teamplate.io\/de\/impressum\/","title":{"rendered":"Impressum"},"content":{"rendered":"\n<h1 class=\"wp-block-heading\"><strong>Impressum<\/strong><\/h1>\n\n\n\n<p>Inhaltlich verantwortlich gem\u00e4\u00df \u00a7 5 Telemediengesetz (TMG) i.V.m. \u00a7 55 Rundfunkstaatsvertrag (RStV)<\/p>\n\n\n\n<p>\u200b<\/p>\n\n\n\n<p>teamplate ist ein Projekt der<\/p>\n\n\n\n<p>Shark Systems IT GmbH<\/p>\n\n\n\n<p>Thurn-und-Taxis-Platz 6<\/p>\n\n\n\n<p>60313 Frankfurt am Main<\/p>\n\n\n\n<p>Telefon:&nbsp;+49 (0)69 &#8211; 59 60 89 29<\/p>\n\n\n\n<p>E-Mail: <a href=\"mailto:info@teamplate.io\">info@teamplate.io<\/a><\/p>\n\n\n\n<p>Vertreten durch den Gesch\u00e4ftsf\u00fchrer: Thomas Kalman<\/p>\n\n\n\n<p>Eingetragen im Handelsregister: Amtsgericht Frankfurt am Main<\/p>\n\n\n\n<p>Registernummer: HRB 91088<\/p>\n\n\n\n<p>Umsatzsteuer-Identifikationsnummer nach \u00a727a Umsatzsteuergesetz: DE283391467<\/p>\n\n\n\n<p>Hinweis gem\u00e4\u00df Online-Streitbeilegungs-Verordnung<\/p>\n\n\n\n<p>Wir weisen Verbraucher auf die Existenz der Europ\u00e4ischen Online-Streitbeilegungs-Plattform hin, die f\u00fcr die Beilegung von Streitigkeiten genutzt werden kann, ohne dass ein Gericht eingeschaltet werden muss. F\u00fcr die Einrichtung der Plattform ist die Europ\u00e4ische Kommission zust\u00e4ndig. Die Europ\u00e4ische Online-Streitbeilegungs-Plattform ist hier zu finden:&nbsp;<a href=\"http:\/\/ec.europa.eu\/odr.\" rel=\"noreferrer noopener\" target=\"_blank\">http:\/\/ec.europa.eu\/odr.<\/a><\/p>\n\n\n\n<p>Unsere E-Mail lautet: <a href=\"mailto:info@teamplate.io\">info@teamplate.io<\/a><\/p>\n\n\n\n<p>\u200b<\/p>\n\n\n\n<p>Wir weisen aber ausdr\u00fccklich darauf hin, dass wir nicht bereit sind, uns am Streitbeilegungsverfahren im Rahmen der Europ\u00e4ischen Online-Streitbeilegungs-Plattform zu beteiligen.<\/p>\n\n\n\n<p>Nutzen Sie zur Kontaktaufnahme bitte unsere obige E-Mail und Telefonnummer und beachten Sie unsere&nbsp;<a href=\"https:\/\/teamplate.io\/datenschutzerklarung\/\" target=\"_blank\" data-type=\"page\" data-id=\"165\" rel=\"noreferrer noopener\">Datenschutzerkl\u00e4rung<\/a>.<\/p>\n","protected":false},"excerpt":{"rendered":"<p>Impressum Inhaltlich verantwortlich gem\u00e4\u00df \u00a7 5 Telemediengesetz (TMG) i.V.m. \u00a7 55 Rundfunkstaatsvertrag (RStV) \u200b teamplate ist ein Projekt der Shark&#8230;<\/p>\n","protected":false},"author":1,"featured_media":0,"parent":0,"menu_order":0,"comment_status":"closed","ping_status":"closed","template":"page-text.php","meta":{"inline_featured_image":false},"acf":[],"_links":{"self":[{"href":"https:\/\/www.teamplate.io\/de\/wp-json\/wp\/v2\/pages\/135"}],"collection":[{"href":"https:\/\/www.teamplate.io\/de\/wp-json\/wp\/v2\/pages"}],"about":[{"href":"https:\/\/www.teamplate.io\/de\/wp-json\/wp\/v2\/types\/page"}],"author":[{"embeddable":true,"href":"https:\/\/www.teamplate.io\/de\/wp-json\/wp\/v2\/users\/1"}],"replies":[{"embeddable":true,"href":"https:\/\/www.teamplate.io\/de\/wp-json\/wp\/v2\/comments?post=135"}],"version-history":[{"count":6,"href":"https:\/\/www.teamplate.io\/de\/wp-json\/wp\/v2\/pages\/135\/revisions"}],"predecessor-version":[{"id":1585,"href":"https:\/\/www.teamplate.io\/de\/wp-json\/wp\/v2\/pages\/135\/revisions\/1585"}],"wp:attachment":[{"href":"https:\/\/www.teamplate.io\/de\/wp-json\/wp\/v2\/media?parent=135"}],"curies":[{"name":"wp","href":"https:\/\/api.w.org\/{rel}","templated":true}]}}