{"id":1209,"date":"2023-04-03T00:54:24","date_gmt":"2023-04-03T00:54:24","guid":{"rendered":"https:\/\/teamplate.io\/?page_id=1209"},"modified":"2023-12-11T06:49:19","modified_gmt":"2023-12-11T06:49:19","slug":"chat","status":"publish","type":"page","link":"https:\/\/www.teamplate.io\/de\/chat\/","title":{"rendered":"Chat"},"content":{"rendered":"\n<section class=\"subpage-hero\" data-aos=\"fade-up\" data-aos-duration=\"1200\">\n<video preload=\"true\" autoplay loop muted><source src=\"\/wp-content\/uploads\/2023\/12\/bg-hero.mp4\" type=\"video\/mp4\">Your browser does not support the video tag.<\/video>\n   <div class=\"row ds-hero__container\">\n   <div class=\"col-lg ds-hero__wrapper\">\n\n      <div class=\"ds-icons__box ds-col d-none d-lg-block\">\n        <div class=\"ds-icons__d-inline\">\n                        <div class=\"ds-icons__icon\"><img width=\"59\" height=\"59\" src=\"https:\/\/www.teamplate.io\/wp-content\/uploads\/2023\/04\/Group-143.svg\" class=\"attachment-image-featured size-image-featured\" alt=\"\" decoding=\"async\" \/><\/div>\n                                        <span class=\"subpage-hero__title\">Chat<\/span>\n                    <\/div>\n    <\/div>\n            \n                    <div class=\"subpage-hero__content\">\n                                    <div class=\"subpage-hero__title-2\">\n                        Schnelle Kommunikation im Space und seinen Projekten                    <\/div>\n                                <div class=\"d-flex\">\n                                <div class=\"ds-icons__box ds-col d-block d-lg-none\">\n                    <div class=\"ds-icons__d-inline\">\n                                                <div class=\"ds-icons__icon\"><img width=\"59\" height=\"59\" src=\"https:\/\/www.teamplate.io\/wp-content\/uploads\/2023\/04\/Group-143.svg\" class=\"attachment-image-featured size-image-featured\" alt=\"\" decoding=\"async\" \/><\/div>\n                                                                            <span class=\"subpage-hero__title\">Chat<\/span>\n                                            <\/div>\n                <\/div>\n                                \n                                    <div class=\"subpage-hero__text\">\n                        <p>Unser einzigartiger Chat hilft Dir, jederzeit und von \u00fcberall aus mit Deinem Team und Deinen Kunden in Verbindung zu bleiben.<\/p>\n                    <\/div>\n                                <\/div>\n            <\/div>\n                <\/div>\n   <div class=\"col-lg ds-hero__wrapper\">\n                    <div class=\"subpage-hero__image\">\n                <img width=\"437\" height=\"352\" src=\"https:\/\/www.teamplate.io\/wp-content\/uploads\/2023\/04\/undraw_real_time_collaboration_c62i-1.svg\" class=\"attachment-image-featured size-image-featured\" alt=\"\" decoding=\"async\" \/>            <\/div>\n           <\/div>\n    <\/div>\n<\/section>\n\n<section class=\"banner-text-with-image\" data-aos=\"fade-up\" data-aos-duration=\"1200\"  style=\"background-color: #f8f9fa\">\n    <div class=\"banner-text-with-image__container\">\n        <div class=\"banner-text-with-image__content\">\n                            <div class=\"banner-text-with-image__text\" style=\"color: #172740\">\n                    <p>TEAMPLATE VERWANDELT EINE GEW\u00d6HNLICHEN CHAT-FUNKTION IN EINE EINZIGARTIGE INTEGRATION.<\/p>\n                <\/div>\n            \n                            <div class=\"banner-text-with-image__image\">\n                    <picture>\n                                                    <source media=\"(min-width:576px)\" srcset=\"https:\/\/www.teamplate.io\/wp-content\/uploads\/2023\/04\/Integrations.svg\">\n                                                <img decoding=\"async\" src=\"https:\/\/www.teamplate.io\/wp-content\/uploads\/2023\/04\/Group-130.svg\">\n                    <\/picture>\n                <\/div>\n            \n        <\/div>\n    <\/div>\n<\/section>\n\n<section class=\"caption-with-image\" data-aos=\"fade-up\" data-aos-duration=\"1200\" style=\"background-color: \">\n    <div class=\"caption-with-image__container\">\n        <div class=\"caption-with-image__content\">\n\n                            <div class=\"caption-with-image__caption\">\n\n                                            <h2 class=\"caption-with-image__title\">\n                            Die Basis f\u00fcr effektive Kommunikation und Arbeit                        <\/h2>\n                    \n                                            <div class=\"caption-with-image__text\">\n                            <p>Wegen der schnellen und damit effizienten Kommunikation ist der Chat das effektivste Kommunikationstool. Im Gegensatz zu E-Mails, die oft langsam und un\u00fcbersichtlich sein k\u00f6nnen, erm\u00f6glicht Dir der Chat Echtzeit-Konversationen mit Deinen Teammitgliedern. Das bedeutet, dass Du Probleme schneller l\u00f6sen und Entscheidungen treffen kannst, was zu besseren Ergebnissen und einer erh\u00f6hten Produktivit\u00e4t f\u00fchrt.<\/p>\n                        <\/div>\n                    \n                                            <ul class=\"caption-with-image__list\">\n                                                                                                <li class=\"caption-with-image__list-item\">\n                                        Kommuniziere im Projekt-Chat                                    <\/li>\n                                                                                                                                <li class=\"caption-with-image__list-item\">\n                                        Verschicke Pers\u00f6nliche Nachrichten                                    <\/li>\n                                                                                                                                <li class=\"caption-with-image__list-item\">\n                                        Erstelle Gruppen-Chats                                    <\/li>\n                                                                                                                                <li class=\"caption-with-image__list-item\">\n                                        Bleibe in Verbindung und kommuniziere effektiv                                    <\/li>\n                                                                                    <\/ul>\n                    \n                    \n                    \n                                                    <a class=\"caption-with-image__link\" href=\"https:\/\/app.teamplate.io\/auth\/register\" target=\"\" rel=\"noopener\">\n                                Teste teamplate                            <\/a>\n                        \n\n                        \n                    \n                <\/div>\n            \n                            <div class=\"caption-with-image__image\">\n                    <picture>\n                                                    <source media=\"(min-width:576px)\" srcset=\"https:\/\/www.teamplate.io\/wp-content\/uploads\/2023\/04\/Frame-651.png\">\n                                                <img decoding=\"async\" src=\"https:\/\/www.teamplate.io\/wp-content\/uploads\/2023\/04\/Frame-612-19.png\">\n                    <\/picture>\n                <\/div>\n            \n        <\/div>\n    <\/div>\n<\/section>\n\n<section class=\"caption-with-image\" data-aos=\"fade-up\" data-aos-duration=\"1200\" style=\"background-color: #f8f9fa\">\n    <div class=\"caption-with-image__container\">\n        <div class=\"caption-with-image__content --image-right\">\n\n                            <div class=\"caption-with-image__caption\">\n\n                                            <h2 class=\"caption-with-image__title\">\n                            Konvertiere in&#8230;                        <\/h2>\n                    \n                                            <div class=\"caption-with-image__text\">\n                            <p>teamplate verwandelt die Chatfunktion in eine einzigartige Integration. Sie erm\u00f6glicht es Dir, Nachrichten mit nur wenigen Klicks in Aufgaben, Kalendereintr\u00e4ge oder Notizen umzuwandeln. Diese Funktion rationalisiert Deinen Arbeitsablauf immens und hilft Dir, wichtige Informationen im Auge zu behalten, ohne zwischen mehreren Apps wechseln zu m\u00fcssen.<\/p>\n                        <\/div>\n                    \n                                            <ul class=\"caption-with-image__list\">\n                                                                                                <li class=\"caption-with-image__list-item\">\n                                        Konvertiere eine Nachricht in ein Ticket                                     <\/li>\n                                                                                                                                <li class=\"caption-with-image__list-item\">\n                                        Konvertiere eine Nachricht in eine Notiz                                     <\/li>\n                                                                                                                                <li class=\"caption-with-image__list-item\">\n                                        Konvertiere eine Nachricht in einen Kalendereintrag.                                    <\/li>\n                                                                                    <\/ul>\n                    \n                                            <div class=\"caption-with-image__notice\">\n                            <svg width=\"36\" height=\"29\" viewBox=\"0 0 36 29\" fill=\"none\" xmlns=\"http:\/\/www.w3.org\/2000\/svg\">\n                                <g clip-path=\"url(#clip0_1078_70338)\">\n                                <path d=\"M35.8805 28.2637C35.9986 28.3886 36.0307 28.5738 35.9615 28.7368C35.8917 28.9037 35.7398 29 35.5655 29C33.5264 29 31.7911 28.4347 30.4192 27.755C28.8717 28.4959 27.0942 29 25.1986 29C20.1355 29 15.9005 25.7794 14.7305 21.4385C20.7155 20.232 25.1986 15.5535 25.1986 9.96875C25.1986 9.66363 25.1723 9.36439 25.1461 9.06477C25.1648 9.0625 25.1817 9.0625 25.1986 9.0625C31.1611 9.0625 35.9986 13.5258 35.9986 19.0312C35.9986 21.3326 35.1453 23.4464 33.7255 25.1314C34.643 26.9213 35.8636 28.2467 35.8805 28.2637Z\" fill=\"#B18EF1\"\/>\n                                <path opacity=\"0.4\" d=\"M11.7001 0C5.23867 0 0.000104285 4.46328 0.000104285 9.96875C0.000104285 12.21 0.878729 14.2712 2.34404 15.9387C1.4221 17.7942 0.137354 19.1853 0.117104 19.2057C-0.00102071 19.3306 -0.0330832 19.5158 0.036048 19.6789C0.106979 19.8412 0.258967 19.9375 0.430979 19.9375C2.58817 19.9375 4.41123 19.3077 5.81635 18.5759C7.54885 19.4334 9.55135 19.9375 11.7001 19.9375C18.1632 19.9375 23.4001 15.4742 23.4001 9.96875C23.4001 4.46328 18.1632 0 11.7001 0Z\" fill=\"#B18EF1\"\/>\n                                <\/g>\n                                <defs>\n                                <clipPath id=\"clip0_1078_70338\">\n                                <rect width=\"36\" height=\"29\" fill=\"white\"\/>\n                                <\/clipPath>\n                                <\/defs>\n                            <\/svg>\n                            <p>Diese Funktion ist besonders n\u00fctzlich f\u00fcr Teams, die h\u00e4ufig Aufgaben, Ereignisse und wichtige Informationen in ihrem Chat besprechen.<\/p>\n                        <\/div>\n                    \n                    \n                                                    <a class=\"caption-with-image__link\" href=\"https:\/\/app.teamplate.io\/auth\/register\" target=\"\" rel=\"noopener\">\n                                Teste teamplate                            <\/a>\n                        \n\n                        \n                    \n                <\/div>\n            \n                            <div class=\"caption-with-image__image\">\n                    <picture>\n                                                    <source media=\"(min-width:576px)\" srcset=\"https:\/\/www.teamplate.io\/wp-content\/uploads\/2023\/04\/Frame-650.png\">\n                                                <img decoding=\"async\" src=\"https:\/\/www.teamplate.io\/wp-content\/uploads\/2023\/04\/Frame-612-20.png\">\n                    <\/picture>\n                <\/div>\n            \n        <\/div>\n    <\/div>\n<\/section>\n\n<section class=\"caption-with-image\" data-aos=\"fade-up\" data-aos-duration=\"1200\" style=\"background-color: #f8f9fa\">\n    <div class=\"caption-with-image__container\">\n        <div class=\"caption-with-image__content\">\n\n                            <div class=\"caption-with-image__caption\">\n\n                                            <h2 class=\"caption-with-image__title\">\n                            Erhalte smarte Benachrichtigungen, wenn etwas Deine Aufmerksamkeit erfordert                        <\/h2>\n                    \n                                            <div class=\"caption-with-image__text\">\n                            <p>Der Empfang von Push-Benachrichtigungen ist eine der wichtigsten Funktionen, um stets \u00fcber neue Nachrichten informiert zu bleiben. Unser Chat erleichtert es Dir, auf dem neuesten Stand zu bleiben, indem er Dir smarte Push-Benachrichtigungen direkt auf die verschiedenen Ger\u00e4te sendet. Auf diese Weise verpasst Du keine wichtigen Nachrichten, auch wenn Du die App gerade nicht aktiv nutzt.<\/p>\n                        <\/div>\n                    \n                                            <ul class=\"caption-with-image__list\">\n                                                                                                <li class=\"caption-with-image__list-item\">\n                                        Neue Nachrichten                                    <\/li>\n                                                                                                                                <li class=\"caption-with-image__list-item\">\n                                        Reaktionen                                    <\/li>\n                                                                                                                                <li class=\"caption-with-image__list-item\">\n                                        Neue Nachricht in einem Thread                                    <\/li>\n                                                                                                                                <li class=\"caption-with-image__list-item\">\n                                        Kommentare                                    <\/li>\n                                                                                    <\/ul>\n                    \n                    \n                    \n                                                    <a class=\"caption-with-image__link\" href=\"https:\/\/app.teamplate.io\/auth\/register\" target=\"\" rel=\"noopener\">\n                                Teste Template                            <\/a>\n                        \n\n                        \n                    \n                <\/div>\n            \n                            <div class=\"caption-with-image__image\">\n                    <picture>\n                                                    <source media=\"(min-width:576px)\" srcset=\"https:\/\/www.teamplate.io\/wp-content\/uploads\/2023\/04\/Frame-553.png\">\n                                                <img decoding=\"async\" src=\"https:\/\/www.teamplate.io\/wp-content\/uploads\/2023\/04\/Frame-612-21.png\">\n                    <\/picture>\n                <\/div>\n            \n        <\/div>\n    <\/div>\n<\/section>\n\n<section class=\"caption-with-image\" data-aos=\"fade-up\" data-aos-duration=\"1200\" style=\"background-color: \">\n    <div class=\"caption-with-image__container\">\n        <div class=\"caption-with-image__content --image-right\">\n\n                            <div class=\"caption-with-image__caption\">\n\n                                            <h2 class=\"caption-with-image__title\">\n                            Reaktionen auf Nachrichten                        <\/h2>\n                    \n                                            <div class=\"caption-with-image__text\">\n                            <p>Verbessere Dein Kommunikationserlebnis durch entsprechende Chat-Reaktionen. Reagiere schnell auf Nachrichten mit einem Daumen hoch, einem l\u00e4chelnden Smiley oder einer Vielzahl anderer beliebter Emojies. So optimierst Du die Kommunikation, sodass Du schnell interagieren kannst, ohne auch nur ein einziges Wort tippen zu m\u00fcssen.<\/p>\n                        <\/div>\n                    \n                                            <ul class=\"caption-with-image__list\">\n                                                                                                <li class=\"caption-with-image__list-item\">\n                                        Sofortiges Engagement                                    <\/li>\n                                                                                                                                <li class=\"caption-with-image__list-item\">\n                                        Ausdrucksstarke Reaktionen                                    <\/li>\n                                                                                                                                <li class=\"caption-with-image__list-item\">\n                                        Verbesserte Teamarbeit                                    <\/li>\n                                                                                    <\/ul>\n                    \n                    \n                    \n                                                    <a class=\"caption-with-image__link\" href=\"https:\/\/app.teamplate.io\/auth\/register\" target=\"\" rel=\"noopener\">\n                                Teste teamplate                            <\/a>\n                        \n\n                        \n                    \n                <\/div>\n            \n                            <div class=\"caption-with-image__image\">\n                    <picture>\n                                                    <source media=\"(min-width:576px)\" srcset=\"https:\/\/www.teamplate.io\/wp-content\/uploads\/2023\/04\/Frame-554.png\">\n                                                <img decoding=\"async\" src=\"https:\/\/www.teamplate.io\/wp-content\/uploads\/2023\/04\/Frame-612-22.png\">\n                    <\/picture>\n                <\/div>\n            \n        <\/div>\n    <\/div>\n<\/section>\n\n<section class=\"ds-newsletter d-md-none\" data-aos=\"fade-up\" data-aos-duration=\"1200\" id=\"form\">\n\t<div class=\"\">\n        <div class=\"ds-newsletter__wrapper\">\n            <div class=\"row\">\n                <div class=\"col-xl-7\">\n\t\t\t                                <h1 class=\"ds-newsletter__heading\">Probiere es noch heute aus und erlebe selbst, welche Vorteile teamplate bietet!<\/h1>\n\t\t\t        \t\t\t                                <p class=\"ds-newsletter__content\">Trage einfache deine Email-Adresse ein und bleibe auf dem Laufenden.<\/p>\n\t\t\t                            <a href=\"https:\/\/app.teamplate.io\/auth\/register\" class=\"cta-button cta-button-green font-weight-bold\" target=\"_blank\" rel=\"noopener\">Register<\/a>\n\n                <\/div>\n                <div class=\"col-xl-5 pl-xl-5 d-flex align-items-center\">\n\t\t\t                                <div class=\"d-flex flex-column align-items-center w-100 align-items-xl-start ds-newsletter__logo\">\n                            <img decoding=\"async\" src=\"https:\/\/www.teamplate.io\/wp-content\/uploads\/2022\/07\/1655771298886image-1.png\">\n                            <img decoding=\"async\" class=\"ds-logo-de\" src=\"\/wp-content\/themes\/teamplate-lp\/assets\/header-stick.png\" alt=\"\">\n                        <\/div>\n\t\t\t                           \n                <\/div>\n            <\/div>\n        <\/div>\n\n\t<\/div>\n<\/section>\n\n","protected":false},"excerpt":{"rendered":"","protected":false},"author":4,"featured_media":0,"parent":0,"menu_order":0,"comment_status":"closed","ping_status":"closed","template":"","meta":{"inline_featured_image":false},"acf":[],"_links":{"self":[{"href":"https:\/\/www.teamplate.io\/de\/wp-json\/wp\/v2\/pages\/1209"}],"collection":[{"href":"https:\/\/www.teamplate.io\/de\/wp-json\/wp\/v2\/pages"}],"about":[{"href":"https:\/\/www.teamplate.io\/de\/wp-json\/wp\/v2\/types\/page"}],"author":[{"embeddable":true,"href":"https:\/\/www.teamplate.io\/de\/wp-json\/wp\/v2\/users\/4"}],"replies":[{"embeddable":true,"href":"https:\/\/www.teamplate.io\/de\/wp-json\/wp\/v2\/comments?post=1209"}],"version-history":[{"count":29,"href":"https:\/\/www.teamplate.io\/de\/wp-json\/wp\/v2\/pages\/1209\/revisions"}],"predecessor-version":[{"id":1711,"href":"https:\/\/www.teamplate.io\/de\/wp-json\/wp\/v2\/pages\/1209\/revisions\/1711"}],"wp:attachment":[{"href":"https:\/\/www.teamplate.io\/de\/wp-json\/wp\/v2\/media?parent=1209"}],"curies":[{"name":"wp","href":"https:\/\/api.w.org\/{rel}","templated":true}]}}