{"id":1188,"date":"2023-04-03T00:42:53","date_gmt":"2023-04-03T00:42:53","guid":{"rendered":"https:\/\/teamplate.io\/?page_id=1188"},"modified":"2023-05-05T11:33:23","modified_gmt":"2023-05-05T11:33:23","slug":"board","status":"publish","type":"page","link":"https:\/\/www.teamplate.io\/de\/board\/","title":{"rendered":"Board"},"content":{"rendered":"\n<section class=\"subpage-hero\" data-aos=\"fade-up\" data-aos-duration=\"1200\">\n<video preload=\"true\" autoplay loop muted><source src=\"\/wp-content\/uploads\/2023\/12\/bg-hero.mp4\" type=\"video\/mp4\">Your browser does not support the video tag.<\/video>\n   <div class=\"row ds-hero__container\">\n   <div class=\"col-lg ds-hero__wrapper\">\n\n      <div class=\"ds-icons__box ds-col d-none d-lg-block\">\n        <div class=\"ds-icons__d-inline\">\n                        <div class=\"ds-icons__icon\"><img width=\"60\" height=\"59\" src=\"https:\/\/www.teamplate.io\/wp-content\/uploads\/2023\/04\/Group-140.svg\" class=\"attachment-image-featured size-image-featured\" alt=\"\" decoding=\"async\" \/><\/div>\n                                        <span class=\"subpage-hero__title\">Board<\/span>\n                    <\/div>\n    <\/div>\n            \n                    <div class=\"subpage-hero__content\">\n                                    <div class=\"subpage-hero__title-2\">\n                        Plane, verfolge und verwalte jede Art von Arbeitsprozess                    <\/div>\n                                <div class=\"d-flex\">\n                                <div class=\"ds-icons__box ds-col d-block d-lg-none\">\n                    <div class=\"ds-icons__d-inline\">\n                                                <div class=\"ds-icons__icon\"><img width=\"60\" height=\"59\" src=\"https:\/\/www.teamplate.io\/wp-content\/uploads\/2023\/04\/Group-140.svg\" class=\"attachment-image-featured size-image-featured\" alt=\"\" decoding=\"async\" \/><\/div>\n                                                                            <span class=\"subpage-hero__title\">Board<\/span>\n                                            <\/div>\n                <\/div>\n                                \n                                    <div class=\"subpage-hero__text\">\n                        <p>Durch die Projekt-Boards beh\u00e4ltst Du den \u00dcberblick \u00fcber die Arbeitsprozesse deines Teams. Plane und verwalte jede Art von Arbeitsprozess, egal ob es sich um pers\u00f6nliche oder berufliche Aufgaben handelt.<\/p>\n                    <\/div>\n                                <\/div>\n            <\/div>\n                <\/div>\n   <div class=\"col-lg ds-hero__wrapper\">\n                    <div class=\"subpage-hero__image\">\n                <img width=\"538\" height=\"294\" src=\"https:\/\/www.teamplate.io\/wp-content\/uploads\/2023\/04\/undraw_add_tasks_re_s5yj-1.svg\" class=\"attachment-image-featured size-image-featured\" alt=\"\" decoding=\"async\" \/>            <\/div>\n           <\/div>\n    <\/div>\n<\/section>\n\n<section class=\"banner-text-with-image\" data-aos=\"fade-up\" data-aos-duration=\"1200\"  style=\"background-color: \">\n    <div class=\"banner-text-with-image__container\">\n        <div class=\"banner-text-with-image__content\">\n                            <div class=\"banner-text-with-image__text\" style=\"color: \">\n                    <p>Mit unserem Board kannst Du Deine Arbeit organisieren, mit Deinem Team zusammenarbeiten und Ziele effizienter erreichen.<\/p>\n                <\/div>\n            \n                            <div class=\"banner-text-with-image__image\">\n                    <picture>\n                                                <img decoding=\"async\" src=\"https:\/\/www.teamplate.io\/wp-content\/uploads\/2023\/04\/undraw_icons_wdp4-2.svg\">\n                    <\/picture>\n                <\/div>\n            \n        <\/div>\n    <\/div>\n<\/section>\n\n<section class=\"caption-with-image\" data-aos=\"fade-up\" data-aos-duration=\"1200\" style=\"background-color: \">\n    <div class=\"caption-with-image__container\">\n        <div class=\"caption-with-image__content\">\n\n                            <div class=\"caption-with-image__caption\">\n\n                                            <h2 class=\"caption-with-image__title\">\n                            ORGANISIERE UND PLANE DEINE ARBEIT                        <\/h2>\n                    \n                                            <div class=\"caption-with-image__text\">\n                            <p>Unser Board ist ein leistungsstarkes Tool, das Dir hilft, organisiert zu bleiben, mit Deinem Team zusammenzuarbeiten und Deine Ziele effizienter zu erreichen. Egal, ob Du ein Projekt planst, Deine t\u00e4glichen Aufgaben verwaltest oder Deine Projekte organisierst, unser Board hilft Dir, Deine Arbeit im Griff zu behalten.<\/p>\n                        <\/div>\n                    \n                                            <ul class=\"caption-with-image__list\">\n                                                                                                <li class=\"caption-with-image__list-item\">\n                                        Erstelle Tickets                                    <\/li>\n                                                                                                                                <li class=\"caption-with-image__list-item\">\n                                        Organisiere Deine Arbeit                                    <\/li>\n                                                                                                                                <li class=\"caption-with-image__list-item\">\n                                        Kontrolliere das Board                                    <\/li>\n                                                                                                                                <li class=\"caption-with-image__list-item\">\n                                        Kanban oder Scrum                                    <\/li>\n                                                                                    <\/ul>\n                    \n                    \n                    \n                                                    <a class=\"caption-with-image__link\" href=\"https:\/\/app.teamplate.io\/auth\/register\" target=\"\" rel=\"noopener\">\n                                Teste teamplate                            <\/a>\n                        \n\n                        \n                    \n                <\/div>\n            \n                            <div class=\"caption-with-image__image\">\n                    <picture>\n                                                    <source media=\"(min-width:576px)\" srcset=\"https:\/\/www.teamplate.io\/wp-content\/uploads\/2023\/04\/Frame-662.png\">\n                                                <img decoding=\"async\" src=\"https:\/\/www.teamplate.io\/wp-content\/uploads\/2023\/04\/Frame-612-15.png\">\n                    <\/picture>\n                <\/div>\n            \n        <\/div>\n    <\/div>\n<\/section>\n\n<section class=\"caption-with-image\" data-aos=\"fade-up\" data-aos-duration=\"1200\" style=\"background-color: \">\n    <div class=\"caption-with-image__container\">\n        <div class=\"caption-with-image__content --image-right\">\n\n                            <div class=\"caption-with-image__caption\">\n\n                                            <h2 class=\"caption-with-image__title\">\n                            Checklisten in jedem Ticket                         <\/h2>\n                    \n                                            <div class=\"caption-with-image__text\">\n                            <p>Checklisten sind ein sehr n\u00fctzliches Feature in unseren Tickets. Sie erm\u00f6glichen es Dir, Aufgaben in kleinere, \u00fcberschaubarere Schritte zu unterteilen, um den Fortschritt zu verfolgen und sicherzustellen, dass nichts \u00fcbersehen wird.<\/p>\n                        <\/div>\n                    \n                    \n                    \n                    \n                                                    <a class=\"caption-with-image__link\" href=\"https:\/\/app.teamplate.io\/auth\/register\" target=\"\" rel=\"noopener\">\n                                Teste teamplate                            <\/a>\n                        \n\n                        \n                    \n                <\/div>\n            \n                            <div class=\"caption-with-image__image\">\n                    <picture>\n                                                    <source media=\"(min-width:576px)\" srcset=\"https:\/\/www.teamplate.io\/wp-content\/uploads\/2023\/04\/Frame-652.png\">\n                                                <img decoding=\"async\" src=\"https:\/\/www.teamplate.io\/wp-content\/uploads\/2023\/04\/Frame-612-16.png\">\n                    <\/picture>\n                <\/div>\n            \n        <\/div>\n    <\/div>\n<\/section>\n\n<section class=\"caption-with-image\" data-aos=\"fade-up\" data-aos-duration=\"1200\" style=\"background-color: \">\n    <div class=\"caption-with-image__container\">\n        <div class=\"caption-with-image__content\">\n\n                            <div class=\"caption-with-image__caption\">\n\n                                            <h2 class=\"caption-with-image__title\">\n                            Smarte Benutzerdefinierte Felder                        <\/h2>\n                    \n                                            <div class=\"caption-with-image__text\">\n                            <p>Das Erstellen von Aufgaben ist einfach und intuitiv. Du kannst Aufgaben auf Deinem Board hinzuf\u00fcgen, indem Du auf den Button klickst oder einfach eine Nachricht aus dem Chat in ein Ticket konvertierst. Dort kannst Du dann Deine Aufgaben anpassen, indem Du Details wie F\u00e4lligkeitsdatum, Priorit\u00e4tsstufe und benutzerdefinierte Felder hinzuf\u00fcgst. Benutzerdefinierte Felder erm\u00f6glichen es Dir, die Aufgaben optimal an Deine spezifischen Bed\u00fcrfnisse anpassen zu k\u00f6nnen.<\/p>\n                        <\/div>\n                    \n                                            <ul class=\"caption-with-image__list\">\n                                                                                                <li class=\"caption-with-image__list-item\">\n                                        Erstelle Deine benutzerdefinierten Felder                                    <\/li>\n                                                                                                                                <li class=\"caption-with-image__list-item\">\n                                        Ma\u00dfgenschneiderte Tickets                                    <\/li>\n                                                                                                                                <li class=\"caption-with-image__list-item\">\n                                        Passe das Board an Deine Bed\u00fcrfnisse an                                    <\/li>\n                                                                                    <\/ul>\n                    \n                    \n                                            <div class=\"caption-with-image__link-group\">\n                    \n                                                    <a class=\"caption-with-image__link\" href=\"https:\/\/app.teamplate.io\/auth\/register\" target=\"\" rel=\"noopener\">\n                                Teste teamplate                            <\/a>\n                        \n\n                                                    <a class=\"caption-with-image__link-2\" href=\"#\" target=\"\">\n                                So funktioniert teamplate                            <\/a>\n                        \n                                            <\/div>\n                    \n                <\/div>\n            \n                            <div class=\"caption-with-image__image\">\n                    <picture>\n                                                    <source media=\"(min-width:576px)\" srcset=\"https:\/\/www.teamplate.io\/wp-content\/uploads\/2023\/04\/Group-225.png\">\n                                                <img decoding=\"async\" src=\"https:\/\/www.teamplate.io\/wp-content\/uploads\/2023\/04\/Frame-612-17.png\">\n                    <\/picture>\n                <\/div>\n            \n        <\/div>\n    <\/div>\n<\/section>\n\n<section class=\"caption-with-image\" data-aos=\"fade-up\" data-aos-duration=\"1200\" style=\"background-color: \">\n    <div class=\"caption-with-image__container\">\n        <div class=\"caption-with-image__content --image-right\">\n\n                            <div class=\"caption-with-image__caption\">\n\n                                            <h2 class=\"caption-with-image__title\">\n                            Epics, Kanban-Board oder Sprints. W\u00e4hle deinen Ansatz.                        <\/h2>\n                    \n                                            <div class=\"caption-with-image__text\">\n                            <p>Neben den Checklisten bietet unser Board andere n\u00fctzliche Funktionen wie z.B. Epics und Sprints. Epics erm\u00f6glichen es, zusammenh\u00e4ngende Aufgaben zu gruppieren, um das Gesamtbild des Projekts im Auge zu behalten. Sprints unterteilen die Arbeit in \u00fcbersichtliche Abschnitte und helfen Dir, Dich auf die Fertigstellung bestimmter Aufgaben innerhalb eines festgelegten Zeitrahmens zu konzentrieren. Diese Funktionen optimieren Deine Arbeit erheblich, indem sie eine klare Struktur bilden und es einfacher machen, den Fortschritt zu verfolgen und Pl\u00e4ne bei Bedarf anzupassen.<\/p>\n                        <\/div>\n                    \n                                            <ul class=\"caption-with-image__list\">\n                                                                                                <li class=\"caption-with-image__list-item\">\n                                        Unterteile Aufgaben in Epics                                    <\/li>\n                                                                                                                                <li class=\"caption-with-image__list-item\">\n                                        Starte Sprints                                    <\/li>\n                                                                                                                                <li class=\"caption-with-image__list-item\">\n                                        Optimiere Deine Arbeit                                    <\/li>\n                                                                                    <\/ul>\n                    \n                    \n                    \n                                                    <a class=\"caption-with-image__link\" href=\"https:\/\/app.teamplate.io\/auth\/register\" target=\"\" rel=\"noopener\">\n                                Teste teamplate                            <\/a>\n                        \n\n                        \n                    \n                <\/div>\n            \n                            <div class=\"caption-with-image__image\">\n                    <picture>\n                                                    <source media=\"(min-width:576px)\" srcset=\"https:\/\/www.teamplate.io\/wp-content\/uploads\/2023\/04\/Frame-653.png\">\n                                                <img decoding=\"async\" src=\"https:\/\/www.teamplate.io\/wp-content\/uploads\/2023\/04\/Frame-612-18.png\">\n                    <\/picture>\n                <\/div>\n            \n        <\/div>\n    <\/div>\n<\/section>\n\n<section class=\"ds-newsletter d-md-none\" data-aos=\"fade-up\" data-aos-duration=\"1200\" id=\"form\">\n\t<div class=\"\">\n        <div class=\"ds-newsletter__wrapper\">\n            <div class=\"row\">\n                <div class=\"col-xl-7\">\n\t\t\t                                <h1 class=\"ds-newsletter__heading\">Probiere es noch heute aus und erlebe selbst, welche Vorteile teamplate bietet!<\/h1>\n\t\t\t        \t\t\t                                <p class=\"ds-newsletter__content\">Trage einfache deine Email-Adresse ein und bleibe auf dem Laufenden.<\/p>\n\t\t\t                            <a href=\"https:\/\/app.teamplate.io\/auth\/register\" class=\"cta-button cta-button-green font-weight-bold\" target=\"_blank\" rel=\"noopener\">Register<\/a>\n\n                <\/div>\n                <div class=\"col-xl-5 pl-xl-5 d-flex align-items-center\">\n\t\t\t                                <div class=\"d-flex flex-column align-items-center w-100 align-items-xl-start ds-newsletter__logo\">\n                            <img decoding=\"async\" src=\"https:\/\/www.teamplate.io\/wp-content\/uploads\/2022\/07\/1655771298886image-1.png\">\n                            <img decoding=\"async\" class=\"ds-logo-de\" src=\"\/wp-content\/themes\/teamplate-lp\/assets\/header-stick.png\" alt=\"\">\n                        <\/div>\n\t\t\t                           \n                <\/div>\n            <\/div>\n        <\/div>\n\n\t<\/div>\n<\/section>\n\n","protected":false},"excerpt":{"rendered":"","protected":false},"author":4,"featured_media":0,"parent":0,"menu_order":0,"comment_status":"closed","ping_status":"closed","template":"","meta":{"inline_featured_image":false},"acf":[],"_links":{"self":[{"href":"https:\/\/www.teamplate.io\/de\/wp-json\/wp\/v2\/pages\/1188"}],"collection":[{"href":"https:\/\/www.teamplate.io\/de\/wp-json\/wp\/v2\/pages"}],"about":[{"href":"https:\/\/www.teamplate.io\/de\/wp-json\/wp\/v2\/types\/page"}],"author":[{"embeddable":true,"href":"https:\/\/www.teamplate.io\/de\/wp-json\/wp\/v2\/users\/4"}],"replies":[{"embeddable":true,"href":"https:\/\/www.teamplate.io\/de\/wp-json\/wp\/v2\/comments?post=1188"}],"version-history":[{"count":12,"href":"https:\/\/www.teamplate.io\/de\/wp-json\/wp\/v2\/pages\/1188\/revisions"}],"predecessor-version":[{"id":1498,"href":"https:\/\/www.teamplate.io\/de\/wp-json\/wp\/v2\/pages\/1188\/revisions\/1498"}],"wp:attachment":[{"href":"https:\/\/www.teamplate.io\/de\/wp-json\/wp\/v2\/media?parent=1188"}],"curies":[{"name":"wp","href":"https:\/\/api.w.org\/{rel}","templated":true}]}}