{"id":1173,"date":"2023-04-03T00:29:06","date_gmt":"2023-04-03T00:29:06","guid":{"rendered":"https:\/\/teamplate.io\/?page_id=1173"},"modified":"2023-04-03T15:53:27","modified_gmt":"2023-04-03T15:53:27","slug":"kalender","status":"publish","type":"page","link":"https:\/\/www.teamplate.io\/de\/kalender\/","title":{"rendered":"Kalender"},"content":{"rendered":"\n<section class=\"subpage-hero\" data-aos=\"fade-up\" data-aos-duration=\"1200\">\n<video preload=\"true\" autoplay loop muted><source src=\"\/wp-content\/uploads\/2023\/12\/bg-hero.mp4\" type=\"video\/mp4\">Your browser does not support the video tag.<\/video>\n   <div class=\"row ds-hero__container\">\n   <div class=\"col-lg ds-hero__wrapper\">\n\n      <div class=\"ds-icons__box ds-col d-none d-lg-block\">\n        <div class=\"ds-icons__d-inline\">\n                        <div class=\"ds-icons__icon\"><img width=\"59\" height=\"60\" src=\"https:\/\/www.teamplate.io\/wp-content\/uploads\/2023\/04\/Group-142.svg\" class=\"attachment-image-featured size-image-featured\" alt=\"\" decoding=\"async\" \/><\/div>\n                                        <span class=\"subpage-hero__title\">Kalender<\/span>\n                    <\/div>\n    <\/div>\n            \n                    <div class=\"subpage-hero__content\">\n                                    <div class=\"subpage-hero__title-2\">\n                        Behalte den \u00dcberblick \u00fcber Deinen Zeitplan                    <\/div>\n                                <div class=\"d-flex\">\n                                <div class=\"ds-icons__box ds-col d-block d-lg-none\">\n                    <div class=\"ds-icons__d-inline\">\n                                                <div class=\"ds-icons__icon\"><img width=\"59\" height=\"60\" src=\"https:\/\/www.teamplate.io\/wp-content\/uploads\/2023\/04\/Group-142.svg\" class=\"attachment-image-featured size-image-featured\" alt=\"\" decoding=\"async\" \/><\/div>\n                                                                            <span class=\"subpage-hero__title\">Kalender<\/span>\n                                            <\/div>\n                <\/div>\n                                \n                                    <div class=\"subpage-hero__text\">\n                        <p>Erstelle Termine und Eintr\u00e4ge, die dir helfen, organisiert zu bleiben und Deinen Projektzeitplan im Blick zu behalten.<\/p>\n                    <\/div>\n                                <\/div>\n            <\/div>\n                <\/div>\n   <div class=\"col-lg ds-hero__wrapper\">\n                    <div class=\"subpage-hero__image\">\n                <img width=\"392\" height=\"381\" src=\"https:\/\/www.teamplate.io\/wp-content\/uploads\/2023\/04\/undraw_schedule_re_2vro-1.svg\" class=\"attachment-image-featured size-image-featured\" alt=\"\" decoding=\"async\" \/>            <\/div>\n           <\/div>\n    <\/div>\n<\/section>\n\n<section class=\"banner-text-with-image\" data-aos=\"fade-up\" data-aos-duration=\"1200\"  style=\"background-color: \">\n    <div class=\"banner-text-with-image__container\">\n        <div class=\"banner-text-with-image__content\">\n                            <div class=\"banner-text-with-image__text\" style=\"color: \">\n                    <p>Plane Events, Meetings und Termine in unserem Kalender und behalte den \u00dcberblick \u00fcber Deine t\u00e4glichen Aktivit\u00e4ten.<\/p>\n                <\/div>\n            \n                            <div class=\"banner-text-with-image__image\">\n                    <picture>\n                                                <img decoding=\"async\" src=\"https:\/\/www.teamplate.io\/wp-content\/uploads\/2023\/04\/undraw_icons_wdp4-2.svg\">\n                    <\/picture>\n                <\/div>\n            \n        <\/div>\n    <\/div>\n<\/section>\n\n<section class=\"caption-with-image\" data-aos=\"fade-up\" data-aos-duration=\"1200\" style=\"background-color: \">\n    <div class=\"caption-with-image__container\">\n        <div class=\"caption-with-image__content\">\n\n                            <div class=\"caption-with-image__caption\">\n\n                                            <h2 class=\"caption-with-image__title\">\n                            Organisiere Deine Zeit                        <\/h2>\n                    \n                                            <div class=\"caption-with-image__text\">\n                            <p>Unser Kalender ist ein unverzichtbares Tool, um Deine Zeit zu verwalten und organisiert zu bleiben. Durch das Erstellen von Events und eines Zeitplans stellst Du sicher, dass Du und Dein Team alle Verpflichtungen im Blick habt und niemals eine wichtige Frist verpasst. Du hast Deinen Zeitplan und den Deines Teams auf einen Blick und kannst leicht erkennen, was ansteht und Deinen Tag entsprechend planen.<\/p>\n                        <\/div>\n                    \n                                            <ul class=\"caption-with-image__list\">\n                                                                                                <li class=\"caption-with-image__list-item\">\n                                        Flexible Ansichtsoptionen                                    <\/li>\n                                                                                                                                <li class=\"caption-with-image__list-item\">\n                                        Optimierte Terminplanung                                    <\/li>\n                                                                                                                                <li class=\"caption-with-image__list-item\">\n                                        Deinen Zeitplan und den Deines Teams auf einen Blick                                    <\/li>\n                                                                                    <\/ul>\n                    \n                    \n                    \n                                                    <a class=\"caption-with-image__link\" href=\"https:\/\/app.teamplate.io\/auth\/register\" target=\"\" rel=\"noopener\">\n                                Teste teamplate                            <\/a>\n                        \n\n                        \n                    \n                <\/div>\n            \n                            <div class=\"caption-with-image__image\">\n                    <picture>\n                                                    <source media=\"(min-width:576px)\" srcset=\"https:\/\/www.teamplate.io\/wp-content\/uploads\/2023\/04\/Group-201-1.png\">\n                                                <img decoding=\"async\" src=\"https:\/\/www.teamplate.io\/wp-content\/uploads\/2023\/04\/Frame-612-8.png\">\n                    <\/picture>\n                <\/div>\n            \n        <\/div>\n    <\/div>\n<\/section>\n\n<section class=\"caption-with-image\" data-aos=\"fade-up\" data-aos-duration=\"1200\" style=\"background-color: \">\n    <div class=\"caption-with-image__container\">\n        <div class=\"caption-with-image__content --image-right\">\n\n                            <div class=\"caption-with-image__caption\">\n\n                                            <h2 class=\"caption-with-image__title\">\n                            Events in wenigen Sekunden                        <\/h2>\n                    \n                                            <div class=\"caption-with-image__text\">\n                            <p>Das Erstellen von Events und Terminen ist einfach und intuitiv. Klicke auf den Button oder konvertiere einfach eine Nachricht aus dem Chat in einen Event. Details wie Datum, Uhrzeit, Ort und Beschreibung kannst Du anpassen. Behalte Deinen Zeitplan im Blick mit rechtzeitigen Erinnerungen und sei immer auf kommende Events vorbereitet.<\/p>\n                        <\/div>\n                    \n                                            <ul class=\"caption-with-image__list\">\n                                                                                                <li class=\"caption-with-image__list-item\">\n                                        Optimiertes Event Setup                                    <\/li>\n                                                                                                                                <li class=\"caption-with-image__list-item\">\n                                        Einfache Navigation                                    <\/li>\n                                                                                    <\/ul>\n                    \n                    \n                    \n                                                    <a class=\"caption-with-image__link\" href=\"https:\/\/app.teamplate.io\/auth\/register\" target=\"\" rel=\"noopener\">\n                                Teste teamplate                            <\/a>\n                        \n\n                        \n                    \n                <\/div>\n            \n                            <div class=\"caption-with-image__image\">\n                    <picture>\n                                                    <source media=\"(min-width:576px)\" srcset=\"https:\/\/www.teamplate.io\/wp-content\/uploads\/2023\/04\/Group-230-1.png\">\n                                                <img decoding=\"async\" src=\"https:\/\/www.teamplate.io\/wp-content\/uploads\/2023\/04\/Frame-612-9.png\">\n                    <\/picture>\n                <\/div>\n            \n        <\/div>\n    <\/div>\n<\/section>\n\n<section class=\"caption-with-image\" data-aos=\"fade-up\" data-aos-duration=\"1200\" style=\"background-color: \">\n    <div class=\"caption-with-image__container\">\n        <div class=\"caption-with-image__content\">\n\n                            <div class=\"caption-with-image__caption\">\n\n                                            <h2 class=\"caption-with-image__title\">\n                            Integrierte Video Calls                        <\/h2>\n                    \n                                            <div class=\"caption-with-image__text\">\n                            <p>Optimierte Zusammenarbeit mit der in unserem Kalender integrierten Funktion f\u00fcr Video Calls, die sich perfekt f\u00fcr die Durchf\u00fchrung von Meetings eignet. Plane m\u00fchelos einen Video Call als Termin und verbinde Dich in Echtzeit mit Deinen Teammitgliedern, egal wo sie sich gerade befinden. Effiziente Teamarbeit wird so gef\u00f6rdert.<\/p>\n                        <\/div>\n                    \n                                            <ul class=\"caption-with-image__list\">\n                                                                                                <li class=\"caption-with-image__list-item\">\n                                        Reibungslose Planung von Meetings                                    <\/li>\n                                                                                                                                <li class=\"caption-with-image__list-item\">\n                                        Zusammenarbeit mit externen Usern                                    <\/li>\n                                                                                                                                <li class=\"caption-with-image__list-item\">\n                                        Rechtzeitige Erinnerungen                                    <\/li>\n                                                                                    <\/ul>\n                    \n                    \n                    \n                                                    <a class=\"caption-with-image__link\" href=\"https:\/\/app.teamplate.io\/auth\/register\" target=\"\" rel=\"noopener\">\n                                Teste Teamplate                            <\/a>\n                        \n\n                        \n                    \n                <\/div>\n            \n                            <div class=\"caption-with-image__image\">\n                    <picture>\n                                                    <source media=\"(min-width:576px)\" srcset=\"https:\/\/www.teamplate.io\/wp-content\/uploads\/2023\/04\/Frame-664.png\">\n                                                <img decoding=\"async\" src=\"https:\/\/www.teamplate.io\/wp-content\/uploads\/2023\/04\/Frame-612-10.png\">\n                    <\/picture>\n                <\/div>\n            \n        <\/div>\n    <\/div>\n<\/section>\n\n<section class=\"ds-newsletter d-md-none\" data-aos=\"fade-up\" data-aos-duration=\"1200\" id=\"form\">\n\t<div class=\"\">\n        <div class=\"ds-newsletter__wrapper\">\n            <div class=\"row\">\n                <div class=\"col-xl-7\">\n\t\t\t                                <h1 class=\"ds-newsletter__heading\">Probiere es noch heute aus und erlebe selbst, welche Vorteile teamplate bietet!<\/h1>\n\t\t\t        \t\t\t                                <p class=\"ds-newsletter__content\">Trage einfache deine Email-Adresse ein und bleibe auf dem Laufenden.<\/p>\n\t\t\t                            <a href=\"https:\/\/app.teamplate.io\/auth\/register\" class=\"cta-button cta-button-green font-weight-bold\" target=\"_blank\" rel=\"noopener\">Register<\/a>\n\n                <\/div>\n                <div class=\"col-xl-5 pl-xl-5 d-flex align-items-center\">\n\t\t\t                                <div class=\"d-flex flex-column align-items-center w-100 align-items-xl-start ds-newsletter__logo\">\n                            <img decoding=\"async\" src=\"https:\/\/www.teamplate.io\/wp-content\/uploads\/2022\/07\/1655771298886image-1.png\">\n                            <img decoding=\"async\" class=\"ds-logo-de\" src=\"\/wp-content\/themes\/teamplate-lp\/assets\/header-stick.png\" alt=\"\">\n                        <\/div>\n\t\t\t                           \n                <\/div>\n            <\/div>\n        <\/div>\n\n\t<\/div>\n<\/section>\n\n","protected":false},"excerpt":{"rendered":"","protected":false},"author":4,"featured_media":0,"parent":0,"menu_order":0,"comment_status":"closed","ping_status":"closed","template":"","meta":{"inline_featured_image":false},"acf":[],"_links":{"self":[{"href":"https:\/\/www.teamplate.io\/de\/wp-json\/wp\/v2\/pages\/1173"}],"collection":[{"href":"https:\/\/www.teamplate.io\/de\/wp-json\/wp\/v2\/pages"}],"about":[{"href":"https:\/\/www.teamplate.io\/de\/wp-json\/wp\/v2\/types\/page"}],"author":[{"embeddable":true,"href":"https:\/\/www.teamplate.io\/de\/wp-json\/wp\/v2\/users\/4"}],"replies":[{"embeddable":true,"href":"https:\/\/www.teamplate.io\/de\/wp-json\/wp\/v2\/comments?post=1173"}],"version-history":[{"count":7,"href":"https:\/\/www.teamplate.io\/de\/wp-json\/wp\/v2\/pages\/1173\/revisions"}],"predecessor-version":[{"id":1409,"href":"https:\/\/www.teamplate.io\/de\/wp-json\/wp\/v2\/pages\/1173\/revisions\/1409"}],"wp:attachment":[{"href":"https:\/\/www.teamplate.io\/de\/wp-json\/wp\/v2\/media?parent=1173"}],"curies":[{"name":"wp","href":"https:\/\/api.w.org\/{rel}","templated":true}]}}