{"id":1159,"date":"2023-04-03T00:25:20","date_gmt":"2023-04-03T00:25:20","guid":{"rendered":"https:\/\/teamplate.io\/?page_id=1159"},"modified":"2024-02-12T15:07:59","modified_gmt":"2024-02-12T15:07:59","slug":"data-room","status":"publish","type":"page","link":"https:\/\/www.teamplate.io\/de\/data-room\/","title":{"rendered":"Data Room"},"content":{"rendered":"\n<section class=\"subpage-hero\" data-aos=\"fade-up\" data-aos-duration=\"1200\">\n<video preload=\"true\" autoplay loop muted><source src=\"\/wp-content\/uploads\/2023\/12\/bg-hero.mp4\" type=\"video\/mp4\">Your browser does not support the video tag.<\/video>\n   <div class=\"row ds-hero__container\">\n   <div class=\"col-lg ds-hero__wrapper\">\n\n      <div class=\"ds-icons__box ds-col d-none d-lg-block\">\n        <div class=\"ds-icons__d-inline\">\n                        <div class=\"ds-icons__icon\"><img width=\"60\" height=\"59\" src=\"https:\/\/www.teamplate.io\/wp-content\/uploads\/2023\/04\/Group-141.svg\" class=\"attachment-image-featured size-image-featured\" alt=\"\" decoding=\"async\" \/><\/div>\n                                        <span class=\"subpage-hero__title\">Data Room<\/span>\n                    <\/div>\n    <\/div>\n            \n                    <div class=\"subpage-hero__content\">\n                                    <div class=\"subpage-hero__title-2\">\n                        Zentralisiere und sichere Deine Projektdateien                    <\/div>\n                                <div class=\"d-flex\">\n                                <div class=\"ds-icons__box ds-col d-block d-lg-none\">\n                    <div class=\"ds-icons__d-inline\">\n                                                <div class=\"ds-icons__icon\"><img width=\"60\" height=\"59\" src=\"https:\/\/www.teamplate.io\/wp-content\/uploads\/2023\/04\/Group-141.svg\" class=\"attachment-image-featured size-image-featured\" alt=\"\" decoding=\"async\" \/><\/div>\n                                                                            <span class=\"subpage-hero__title\">Data Room<\/span>\n                                            <\/div>\n                <\/div>\n                                \n                                    <div class=\"subpage-hero__text\">\n                        <p>Jedes Projekt bietet einen zuverl\u00e4ssigen und sicheren Data Room, in dem Du alle Deine Dateien an einem Ort speichern kannst.<\/p>\n                    <\/div>\n                                <\/div>\n            <\/div>\n                <\/div>\n   <div class=\"col-lg ds-hero__wrapper\">\n                    <div class=\"subpage-hero__image\">\n                <img width=\"420\" height=\"439\" src=\"https:\/\/www.teamplate.io\/wp-content\/uploads\/2023\/04\/Group-152.svg\" class=\"attachment-image-featured size-image-featured\" alt=\"\" decoding=\"async\" \/>            <\/div>\n           <\/div>\n    <\/div>\n<\/section>\n\n<section class=\"banner-text-with-image\" data-aos=\"fade-up\" data-aos-duration=\"1200\"  style=\"background-color: #4c035b\">\n    <div class=\"banner-text-with-image__container\">\n        <div class=\"banner-text-with-image__content\">\n                            <div class=\"banner-text-with-image__text\" style=\"color: #efefef\">\n                    <p>teamplate bietet ein Zuhause f\u00fcr Deine projektbezogenen Daten. Privat oder \u00f6ffentlich. Du entscheidest.<\/p>\n                <\/div>\n            \n                            <div class=\"banner-text-with-image__image\">\n                    <picture>\n                                                <img decoding=\"async\" src=\"https:\/\/www.teamplate.io\/wp-content\/uploads\/2023\/04\/undraw_icons_wdp4-2.svg\">\n                    <\/picture>\n                <\/div>\n            \n        <\/div>\n    <\/div>\n<\/section>\n\n<section class=\"caption-with-image\" data-aos=\"fade-up\" data-aos-duration=\"1200\" style=\"background-color: \">\n    <div class=\"caption-with-image__container\">\n        <div class=\"caption-with-image__content\">\n\n                            <div class=\"caption-with-image__caption\">\n\n                                            <h2 class=\"caption-with-image__title\">\n                            Bequemer Zugriff                        <\/h2>\n                    \n                                            <div class=\"caption-with-image__text\">\n                            <p>Mit unserem Data Room k\u00f6nnen Du und Dein Team von \u00fcberall, zu jeder Zeit und mit jedem Ger\u00e4t auf die Dateien zugreifen. Egal, ob von zu Hause, im B\u00fcro oder von unterwegs.<\/p>\n                        <\/div>\n                    \n                                            <ul class=\"caption-with-image__list\">\n                                                                                                <li class=\"caption-with-image__list-item\">\n                                        Universeller Zugriff                                    <\/li>\n                                                                                                                                <li class=\"caption-with-image__list-item\">\n                                        Zusammenarbeit in Echtzeit                                    <\/li>\n                                                                                    <\/ul>\n                    \n                    \n                    \n                                                    <a class=\"caption-with-image__link\" href=\"https:\/\/app.teamplate.io\/auth\/register\" target=\"\" rel=\"noopener\">\n                                Teste teamplate                            <\/a>\n                        \n\n                        \n                    \n                <\/div>\n            \n                            <div class=\"caption-with-image__image\">\n                    <picture>\n                                                    <source media=\"(min-width:576px)\" srcset=\"https:\/\/www.teamplate.io\/wp-content\/uploads\/2023\/04\/Group-201.png\">\n                                                <img decoding=\"async\" src=\"https:\/\/www.teamplate.io\/wp-content\/uploads\/2023\/04\/Frame-612-5.png\">\n                    <\/picture>\n                <\/div>\n            \n        <\/div>\n    <\/div>\n<\/section>\n\n<section class=\"caption-with-image\" data-aos=\"fade-up\" data-aos-duration=\"1200\" style=\"background-color: \">\n    <div class=\"caption-with-image__container\">\n        <div class=\"caption-with-image__content --image-right\">\n\n                            <div class=\"caption-with-image__caption\">\n\n                                            <h2 class=\"caption-with-image__title\">\n                            Speichere jede Datei und jeden Ordner                        <\/h2>\n                    \n                                            <div class=\"caption-with-image__text\">\n                            <p>teamplate bietet reibungsloses Verwalten beliebiger Dateien und Ordner mit unserem Data Room, der speziell f\u00fcr all Deine Projektanforderungen entwickelt wurde. Profitiere von einem organisierten Arbeitsbereich und genie\u00dfe die l\u00fcckenlose Zusammenarbeit, da Dein Team wichtige Dokumente effizient gemeinsam nutzen, bearbeiten und darauf zugreifen kann.<\/p>\n                        <\/div>\n                    \n                                            <ul class=\"caption-with-image__list\">\n                                                                                                <li class=\"caption-with-image__list-item\">\n                                        Vielseitiger Speicher                                    <\/li>\n                                                                                                                                <li class=\"caption-with-image__list-item\">\n                                        Organisierter Arbeitsbereich                                    <\/li>\n                                                                                                                                <li class=\"caption-with-image__list-item\">\n                                        Nahtloses Teilen von Dateien                                    <\/li>\n                                                                                    <\/ul>\n                    \n                    \n                    \n                                                    <a class=\"caption-with-image__link\" href=\"https:\/\/app.teamplate.io\/auth\/register\" target=\"\" rel=\"noopener\">\n                                Teste teamplate                            <\/a>\n                        \n\n                        \n                    \n                <\/div>\n            \n                            <div class=\"caption-with-image__image\">\n                    <picture>\n                                                    <source media=\"(min-width:576px)\" srcset=\"https:\/\/www.teamplate.io\/wp-content\/uploads\/2023\/04\/Group-230.png\">\n                                                <img decoding=\"async\" src=\"https:\/\/www.teamplate.io\/wp-content\/uploads\/2023\/04\/Frame-612-6.png\">\n                    <\/picture>\n                <\/div>\n            \n        <\/div>\n    <\/div>\n<\/section>\n\n<section class=\"caption-with-image\" data-aos=\"fade-up\" data-aos-duration=\"1200\" style=\"background-color: \">\n    <div class=\"caption-with-image__container\">\n        <div class=\"caption-with-image__content\">\n\n                            <div class=\"caption-with-image__caption\">\n\n                                            <h2 class=\"caption-with-image__title\">\n                            Kollaboration                        <\/h2>\n                    \n                                            <div class=\"caption-with-image__text\">\n                            <p>Reibungslose Zusammenarbeit mit unserem Data Room, in dem Sie m\u00fchelos Dateien mit Kollegen, Partnern und Kunden austauschen k\u00f6nnen. Zusammenarbeit in Echtzeit. Steigern Sie Ihre Effizienz und Produktivit\u00e4t wie nie zuvor.<\/p>\n                        <\/div>\n                    \n                                            <ul class=\"caption-with-image__list\">\n                                                                                                <li class=\"caption-with-image__list-item\">\n                                        M\u00fcheloses Teilen von Dateien                                    <\/li>\n                                                                                                                                <li class=\"caption-with-image__list-item\">\n                                        Teamwork in Echtzeit                                    <\/li>\n                                                                                                                                <li class=\"caption-with-image__list-item\">\n                                        Produktivit\u00e4ts-Boost                                    <\/li>\n                                                                                    <\/ul>\n                    \n                    \n                    \n                                                    <a class=\"caption-with-image__link\" href=\"https:\/\/app.teamplate.io\/auth\/register\" target=\"\" rel=\"noopener\">\n                                Teste teamplate                            <\/a>\n                        \n\n                        \n                    \n                <\/div>\n            \n                            <div class=\"caption-with-image__image\">\n                    <picture>\n                                                    <source media=\"(min-width:576px)\" srcset=\"https:\/\/www.teamplate.io\/wp-content\/uploads\/2023\/04\/Frame-665.png\">\n                                                <img decoding=\"async\" src=\"https:\/\/www.teamplate.io\/wp-content\/uploads\/2023\/04\/Frame-612-7.png\">\n                    <\/picture>\n                <\/div>\n            \n        <\/div>\n    <\/div>\n<\/section>\n\n<section class=\"ds-newsletter d-md-none\" data-aos=\"fade-up\" data-aos-duration=\"1200\" id=\"form\">\n\t<div class=\"\">\n        <div class=\"ds-newsletter__wrapper\">\n            <div class=\"row\">\n                <div class=\"col-xl-7\">\n\t\t\t                                <h1 class=\"ds-newsletter__heading\">Probiere es noch heute aus und erlebe selbst, welche Vorteile teamplate bietet!<\/h1>\n\t\t\t        \t\t\t                                <p class=\"ds-newsletter__content\">Trage einfache deine Email-Adresse ein und bleibe auf dem Laufenden.<\/p>\n\t\t\t                            <a href=\"https:\/\/app.teamplate.io\/auth\/register\" class=\"cta-button cta-button-green font-weight-bold\" target=\"_blank\" rel=\"noopener\">Register<\/a>\n\n                <\/div>\n                <div class=\"col-xl-5 pl-xl-5 d-flex align-items-center\">\n\t\t\t                                <div class=\"d-flex flex-column align-items-center w-100 align-items-xl-start ds-newsletter__logo\">\n                            <img decoding=\"async\" src=\"https:\/\/www.teamplate.io\/wp-content\/uploads\/2022\/07\/1655771298886image-1.png\">\n                            <img decoding=\"async\" class=\"ds-logo-de\" src=\"\/wp-content\/themes\/teamplate-lp\/assets\/header-stick.png\" alt=\"\">\n                        <\/div>\n\t\t\t                           \n                <\/div>\n            <\/div>\n        <\/div>\n\n\t<\/div>\n<\/section>\n\n","protected":false},"excerpt":{"rendered":"","protected":false},"author":4,"featured_media":0,"parent":0,"menu_order":0,"comment_status":"closed","ping_status":"closed","template":"","meta":{"inline_featured_image":false},"acf":[],"_links":{"self":[{"href":"https:\/\/www.teamplate.io\/de\/wp-json\/wp\/v2\/pages\/1159"}],"collection":[{"href":"https:\/\/www.teamplate.io\/de\/wp-json\/wp\/v2\/pages"}],"about":[{"href":"https:\/\/www.teamplate.io\/de\/wp-json\/wp\/v2\/types\/page"}],"author":[{"embeddable":true,"href":"https:\/\/www.teamplate.io\/de\/wp-json\/wp\/v2\/users\/4"}],"replies":[{"embeddable":true,"href":"https:\/\/www.teamplate.io\/de\/wp-json\/wp\/v2\/comments?post=1159"}],"version-history":[{"count":11,"href":"https:\/\/www.teamplate.io\/de\/wp-json\/wp\/v2\/pages\/1159\/revisions"}],"predecessor-version":[{"id":2189,"href":"https:\/\/www.teamplate.io\/de\/wp-json\/wp\/v2\/pages\/1159\/revisions\/2189"}],"wp:attachment":[{"href":"https:\/\/www.teamplate.io\/de\/wp-json\/wp\/v2\/media?parent=1159"}],"curies":[{"name":"wp","href":"https:\/\/api.w.org\/{rel}","templated":true}]}}