{"id":1142,"date":"2023-04-03T00:19:45","date_gmt":"2023-04-03T00:19:45","guid":{"rendered":"https:\/\/teamplate.io\/?page_id=1142"},"modified":"2023-04-03T15:53:15","modified_gmt":"2023-04-03T15:53:15","slug":"videokonferenzen-screen-sharing","status":"publish","type":"page","link":"https:\/\/www.teamplate.io\/de\/videokonferenzen-screen-sharing\/","title":{"rendered":"Videokonferenzen &amp; Screen Sharing"},"content":{"rendered":"\n<section class=\"subpage-hero\" data-aos=\"fade-up\" data-aos-duration=\"1200\">\n<video preload=\"true\" autoplay loop muted><source src=\"\/wp-content\/uploads\/2023\/12\/bg-hero.mp4\" type=\"video\/mp4\">Your browser does not support the video tag.<\/video>\n   <div class=\"row ds-hero__container\">\n   <div class=\"col-lg ds-hero__wrapper\">\n\n      <div class=\"ds-icons__box ds-col d-none d-lg-block\">\n        <div class=\"ds-icons__d-inline\">\n                        <div class=\"ds-icons__icon\"><img width=\"56\" height=\"56\" src=\"https:\/\/www.teamplate.io\/wp-content\/uploads\/2023\/04\/Group-168.svg\" class=\"attachment-image-featured size-image-featured\" alt=\"\" decoding=\"async\" \/><\/div>\n                                        <span class=\"subpage-hero__title\">Videokonferenzen &#038; Screen Sharing<\/span>\n                    <\/div>\n    <\/div>\n            \n                    <div class=\"subpage-hero__content\">\n                                    <div class=\"subpage-hero__title-2\">\n                        Verbinde, Teile, Pr\u00e4sentiere                    <\/div>\n                                <div class=\"d-flex\">\n                                <div class=\"ds-icons__box ds-col d-block d-lg-none\">\n                    <div class=\"ds-icons__d-inline\">\n                                                <div class=\"ds-icons__icon\"><img width=\"56\" height=\"56\" src=\"https:\/\/www.teamplate.io\/wp-content\/uploads\/2023\/04\/Group-168.svg\" class=\"attachment-image-featured size-image-featured\" alt=\"\" decoding=\"async\" \/><\/div>\n                                                                            <span class=\"subpage-hero__title\">Videokonferenzen &#038; Screen Sharing<\/span>\n                                            <\/div>\n                <\/div>\n                                \n                                    <div class=\"subpage-hero__text\">\n                        <p>Verbinde Dich mit Deinem Team, arbeitet gemeinsam an Projekten und f\u00fchrt Meetings von jedem Ort der Welt aus durch.<\/p>\n                    <\/div>\n                                <\/div>\n            <\/div>\n                <\/div>\n   <div class=\"col-lg ds-hero__wrapper\">\n                    <div class=\"subpage-hero__image\">\n                <img width=\"689\" height=\"451\" src=\"https:\/\/www.teamplate.io\/wp-content\/uploads\/2023\/04\/undraw_video_call_re_4p26-1.svg\" class=\"attachment-image-featured size-image-featured\" alt=\"\" decoding=\"async\" \/>            <\/div>\n           <\/div>\n    <\/div>\n<\/section>\n\n<section class=\"banner-text-with-image\" data-aos=\"fade-up\" data-aos-duration=\"1200\"  style=\"background-color: \">\n    <div class=\"banner-text-with-image__container\">\n        <div class=\"banner-text-with-image__content\">\n                            <div class=\"banner-text-with-image__text\" style=\"color: \">\n                    <p>Videokonferenzen in den Arbeitsalltag einzubauen ist eine coole und bequeme Art, Besprechungen zu planen, sich mit Kollegen zu verbinden und zusammen an Projekten zu arbeiten.<\/p>\n                <\/div>\n            \n                            <div class=\"banner-text-with-image__image\">\n                    <picture>\n                                                <img decoding=\"async\" src=\"https:\/\/www.teamplate.io\/wp-content\/uploads\/2023\/04\/undraw_icons_wdp4-2.svg\">\n                    <\/picture>\n                <\/div>\n            \n        <\/div>\n    <\/div>\n<\/section>\n\n<section class=\"caption-with-image\" data-aos=\"fade-up\" data-aos-duration=\"1200\" style=\"background-color: \">\n    <div class=\"caption-with-image__container\">\n        <div class=\"caption-with-image__content\">\n\n                            <div class=\"caption-with-image__caption\">\n\n                                            <h2 class=\"caption-with-image__title\">\n                            Die bequeme L\u00f6sung f\u00fcr Teams                        <\/h2>\n                    \n                                            <div class=\"caption-with-image__text\">\n                            <p>Unsere Video Calls erm\u00f6glichen es Dir, mit jedem zu kommunizieren, unabh\u00e4ngig davon, wo er sich befindet. So beh\u00e4ltst Du pers\u00f6nliche Kontakte und bleibst in Kontakt mit Deinem Team. Grundvoraussetzung f\u00fcr effektives Arbeiten.<\/p>\n                        <\/div>\n                    \n                                            <ul class=\"caption-with-image__list\">\n                                                                                                <li class=\"caption-with-image__list-item\">\n                                        Pers\u00f6nliche Meetings                                    <\/li>\n                                                                                                                                <li class=\"caption-with-image__list-item\">\n                                        Meetings im Space                                    <\/li>\n                                                                                                                                <li class=\"caption-with-image__list-item\">\n                                        Projekt-Meetings                                    <\/li>\n                                                                                    <\/ul>\n                    \n                    \n                    \n                                                    <a class=\"caption-with-image__link\" href=\"https:\/\/app.teamplate.io\/auth\/register\" target=\"\" rel=\"noopener\">\n                                Teste teamplate                            <\/a>\n                        \n\n                        \n                    \n                <\/div>\n            \n                            <div class=\"caption-with-image__image\">\n                    <picture>\n                                                    <source media=\"(min-width:576px)\" srcset=\"https:\/\/www.teamplate.io\/wp-content\/uploads\/2023\/04\/Frame-666.png\">\n                                                <img decoding=\"async\" src=\"https:\/\/www.teamplate.io\/wp-content\/uploads\/2023\/04\/Frame-612-3.png\">\n                    <\/picture>\n                <\/div>\n            \n        <\/div>\n    <\/div>\n<\/section>\n\n<section class=\"caption-with-image\" data-aos=\"fade-up\" data-aos-duration=\"1200\" style=\"background-color: \">\n    <div class=\"caption-with-image__container\">\n        <div class=\"caption-with-image__content --image-right\">\n\n                            <div class=\"caption-with-image__caption\">\n\n                                            <h2 class=\"caption-with-image__title\">\n                            Teile Deinen Bildschirm                        <\/h2>\n                    \n                                            <div class=\"caption-with-image__text\">\n                            <p>Eines der wichtigsten Features unserer Video Call Funktion ist die M\u00f6glichkeit, Deinen Bildschirm zu teilen. Mit dieser Funktion kann ein Team in Echtzeit an Projekten arbeiten und alle Beteiligten bleiben stets auf dem gleichen Stand. Ihr k\u00f6nnt Dokumente, Pr\u00e4sentationen und sogar Websites gemeinsam betrachten.<\/p>\n                        <\/div>\n                    \n                                            <ul class=\"caption-with-image__list\">\n                                                                                                <li class=\"caption-with-image__list-item\">\n                                        Arbeite mit dem Team zusammen                                    <\/li>\n                                                                                                                                <li class=\"caption-with-image__list-item\">\n                                        Pr\u00e4sentiere Deine Ergebnisse                                    <\/li>\n                                                                                                                                <li class=\"caption-with-image__list-item\">\n                                        Besprecht die Agenda                                    <\/li>\n                                                                                    <\/ul>\n                    \n                    \n                    \n                                                    <a class=\"caption-with-image__link\" href=\"https:\/\/app.teamplate.io\/auth\/register\" target=\"\" rel=\"noopener\">\n                                Teste teamplate                            <\/a>\n                        \n\n                        \n                    \n                <\/div>\n            \n                            <div class=\"caption-with-image__image\">\n                    <picture>\n                                                    <source media=\"(min-width:576px)\" srcset=\"https:\/\/www.teamplate.io\/wp-content\/uploads\/2023\/04\/Frame-667.png\">\n                                                <img decoding=\"async\" src=\"https:\/\/www.teamplate.io\/wp-content\/uploads\/2023\/04\/Frame-612-4.png\">\n                    <\/picture>\n                <\/div>\n            \n        <\/div>\n    <\/div>\n<\/section>\n\n<section class=\"ds-newsletter d-md-none\" data-aos=\"fade-up\" data-aos-duration=\"1200\" id=\"form\">\n\t<div class=\"\">\n        <div class=\"ds-newsletter__wrapper\">\n            <div class=\"row\">\n                <div class=\"col-xl-7\">\n\t\t\t                                <h1 class=\"ds-newsletter__heading\">Probiere es noch heute aus und erlebe selbst, welche Vorteile teamplate bietet!<\/h1>\n\t\t\t        \t\t\t                                <p class=\"ds-newsletter__content\">Trage einfache deine Email-Adresse ein und bleibe auf dem Laufenden.<\/p>\n\t\t\t                            <a href=\"https:\/\/app.teamplate.io\/auth\/register\" class=\"cta-button cta-button-green font-weight-bold\" target=\"_blank\" rel=\"noopener\">Register<\/a>\n\n                <\/div>\n                <div class=\"col-xl-5 pl-xl-5 d-flex align-items-center\">\n\t\t\t                                <div class=\"d-flex flex-column align-items-center w-100 align-items-xl-start ds-newsletter__logo\">\n                            <img decoding=\"async\" src=\"https:\/\/www.teamplate.io\/wp-content\/uploads\/2022\/07\/1655771298886image-1.png\">\n                            <img decoding=\"async\" class=\"ds-logo-de\" src=\"\/wp-content\/themes\/teamplate-lp\/assets\/header-stick.png\" alt=\"\">\n                        <\/div>\n\t\t\t                           \n                <\/div>\n            <\/div>\n        <\/div>\n\n\t<\/div>\n<\/section>\n\n","protected":false},"excerpt":{"rendered":"","protected":false},"author":4,"featured_media":0,"parent":0,"menu_order":0,"comment_status":"closed","ping_status":"closed","template":"","meta":{"inline_featured_image":false},"acf":[],"_links":{"self":[{"href":"https:\/\/www.teamplate.io\/de\/wp-json\/wp\/v2\/pages\/1142"}],"collection":[{"href":"https:\/\/www.teamplate.io\/de\/wp-json\/wp\/v2\/pages"}],"about":[{"href":"https:\/\/www.teamplate.io\/de\/wp-json\/wp\/v2\/types\/page"}],"author":[{"embeddable":true,"href":"https:\/\/www.teamplate.io\/de\/wp-json\/wp\/v2\/users\/4"}],"replies":[{"embeddable":true,"href":"https:\/\/www.teamplate.io\/de\/wp-json\/wp\/v2\/comments?post=1142"}],"version-history":[{"count":8,"href":"https:\/\/www.teamplate.io\/de\/wp-json\/wp\/v2\/pages\/1142\/revisions"}],"predecessor-version":[{"id":1406,"href":"https:\/\/www.teamplate.io\/de\/wp-json\/wp\/v2\/pages\/1142\/revisions\/1406"}],"wp:attachment":[{"href":"https:\/\/www.teamplate.io\/de\/wp-json\/wp\/v2\/media?parent=1142"}],"curies":[{"name":"wp","href":"https:\/\/api.w.org\/{rel}","templated":true}]}}