{"id":1071,"date":"2023-04-02T22:17:03","date_gmt":"2023-04-02T22:17:03","guid":{"rendered":"https:\/\/teamplate.io\/?page_id=1071"},"modified":"2023-04-16T13:51:15","modified_gmt":"2023-04-16T13:51:15","slug":"personal-space","status":"publish","type":"page","link":"https:\/\/www.teamplate.io\/de\/personal-space\/","title":{"rendered":"Personal Space"},"content":{"rendered":"\n<section class=\"subpage-hero\" data-aos=\"fade-up\" data-aos-duration=\"1200\">\n<video preload=\"true\" autoplay loop muted><source src=\"\/wp-content\/uploads\/2023\/12\/bg-hero.mp4\" type=\"video\/mp4\">Your browser does not support the video tag.<\/video>\n   <div class=\"row ds-hero__container\">\n   <div class=\"col-lg ds-hero__wrapper\">\n\n      <div class=\"ds-icons__box ds-col d-none d-lg-block\">\n        <div class=\"ds-icons__d-inline\">\n                        <div class=\"ds-icons__icon\"><img width=\"56\" height=\"56\" src=\"https:\/\/www.teamplate.io\/wp-content\/uploads\/2023\/04\/Group-144.svg\" class=\"attachment-image-featured size-image-featured\" alt=\"\" decoding=\"async\" \/><\/div>\n                                        <span class=\"subpage-hero__title\">Personal Space<\/span>\n                    <\/div>\n    <\/div>\n            \n                    <div class=\"subpage-hero__content\">\n                                    <div class=\"subpage-hero__title-2\">\n                        Dein pers\u00f6nlicher Arbeitsbereich                    <\/div>\n                                <div class=\"d-flex\">\n                                <div class=\"ds-icons__box ds-col d-block d-lg-none\">\n                    <div class=\"ds-icons__d-inline\">\n                                                <div class=\"ds-icons__icon\"><img width=\"56\" height=\"56\" src=\"https:\/\/www.teamplate.io\/wp-content\/uploads\/2023\/04\/Group-144.svg\" class=\"attachment-image-featured size-image-featured\" alt=\"\" decoding=\"async\" \/><\/div>\n                                                                            <span class=\"subpage-hero__title\">Personal Space<\/span>\n                                            <\/div>\n                <\/div>\n                                \n                                    <div class=\"subpage-hero__text\">\n                        <p>Verwalte Deine Termine und Aufgaben mit Leichtigkeit! Wir wissen, wie wichtig es ist, einen Ort zu haben, an dem Du Deine pers\u00f6nliche Arbeit organisieren kannst und den \u00dcberblick \u00fcber Deine Aufgaben beh\u00e4ltst.<\/p>\n                    <\/div>\n                                <\/div>\n            <\/div>\n                <\/div>\n   <div class=\"col-lg ds-hero__wrapper\">\n                    <div class=\"subpage-hero__image\">\n                <img width=\"467\" height=\"330\" src=\"https:\/\/www.teamplate.io\/wp-content\/uploads\/2023\/04\/undraw_scrum_board_re_wk7v-1.svg\" class=\"attachment-image-featured size-image-featured\" alt=\"\" decoding=\"async\" \/>            <\/div>\n           <\/div>\n    <\/div>\n<\/section>\n\n<section class=\"banner-text-with-image\" data-aos=\"fade-up\" data-aos-duration=\"1200\"  style=\"background-color: \">\n    <div class=\"banner-text-with-image__container\">\n        <div class=\"banner-text-with-image__content\">\n                            <div class=\"banner-text-with-image__text\" style=\"color: \">\n                    <p>Der perfekte Ort, um Deine eigene Arbeit zu verwalten, organisiert zu bleiben und Ziele zu erreichen.<\/p>\n                <\/div>\n            \n                            <div class=\"banner-text-with-image__image\">\n                    <picture>\n                                                <img decoding=\"async\" src=\"https:\/\/www.teamplate.io\/wp-content\/uploads\/2023\/04\/undraw_icons_wdp4-2.svg\">\n                    <\/picture>\n                <\/div>\n            \n        <\/div>\n    <\/div>\n<\/section>\n\n<section class=\"caption-with-image\" data-aos=\"fade-up\" data-aos-duration=\"1200\" style=\"background-color: \">\n    <div class=\"caption-with-image__container\">\n        <div class=\"caption-with-image__content\">\n\n                            <div class=\"caption-with-image__caption\">\n\n                                            <h2 class=\"caption-with-image__title\">\n                            Organisiere und plane Deine eigene Arbeit                        <\/h2>\n                    \n                                            <div class=\"caption-with-image__text\">\n                            <p>In Deinem Personal Space hast Du Dein eigenes Board. Dort kannst Du Deine eigenen Aufgaben erstellen und Deine Arbeit so anordnen, wie Du es m\u00f6chtest. Eine einfache und intuitive M\u00f6glichkeit, Deine eigene Arbeit zu verwalten und den \u00dcberblick \u00fcber Deine Aufgaben zu behalten.<\/p>\n                        <\/div>\n                    \n                                            <ul class=\"caption-with-image__list\">\n                                                                                                <li class=\"caption-with-image__list-item\">\n                                        Dein eigener Kalender                                    <\/li>\n                                                                                                                                <li class=\"caption-with-image__list-item\">\n                                        Dein eigens Board                                    <\/li>\n                                                                                    <\/ul>\n                    \n                    \n                    \n                                                    <a class=\"caption-with-image__link\" href=\"https:\/\/app.teamplate.io\/auth\/register\" target=\"\" rel=\"noopener\">\n                                Try teamplate                            <\/a>\n                        \n\n                        \n                    \n                <\/div>\n            \n                            <div class=\"caption-with-image__image\">\n                    <picture>\n                                                    <source media=\"(min-width:576px)\" srcset=\"https:\/\/www.teamplate.io\/wp-content\/uploads\/2023\/04\/Frame-614.png\">\n                                                <img decoding=\"async\" src=\"https:\/\/www.teamplate.io\/wp-content\/uploads\/2023\/04\/Frame-612.png\">\n                    <\/picture>\n                <\/div>\n            \n        <\/div>\n    <\/div>\n<\/section>\n\n<section class=\"caption-with-image\" data-aos=\"fade-up\" data-aos-duration=\"1200\" style=\"background-color: \">\n    <div class=\"caption-with-image__container\">\n        <div class=\"caption-with-image__content --image-right\">\n\n                            <div class=\"caption-with-image__caption\">\n\n                                            <h2 class=\"caption-with-image__title\">\n                            Zentralisierung                        <\/h2>\n                    \n                                            <div class=\"caption-with-image__text\">\n                            <p>In Deinem Personal Space kannst Du problemlos neue Aufgaben und pers\u00f6nliche Termine erstellen, F\u00e4lligkeiten festlegen und Deinen Fortschritt im Auge behalten. Nat\u00fcrlich kannst Du auch dein Board mit eigenen Labels, Farben und Tags anpassen, um Deine Arbeit auf eine f\u00fcr Dich sinnvolle Weise zu organisieren.<\/p>\n                        <\/div>\n                    \n                                            <ul class=\"caption-with-image__list\">\n                                                                                                <li class=\"caption-with-image__list-item\">\n                                        Bleibe immer organisiert                                    <\/li>\n                                                                                                                                <li class=\"caption-with-image__list-item\">\n                                        Verwalte Deine pers\u00f6nlichen TermineAlle                                    <\/li>\n                                                                                                                                <li class=\"caption-with-image__list-item\">\n                                        Deine Events aus allen Projekten in einem Kalender                                    <\/li>\n                                                                                    <\/ul>\n                    \n                    \n                    \n                                                    <a class=\"caption-with-image__link\" href=\"https:\/\/app.teamplate.io\/auth\/register\" target=\"\" rel=\"noopener\">\n                                Try teamplate                            <\/a>\n                        \n\n                        \n                    \n                <\/div>\n            \n                            <div class=\"caption-with-image__image\">\n                    <picture>\n                                                    <source media=\"(min-width:576px)\" srcset=\"https:\/\/www.teamplate.io\/wp-content\/uploads\/2023\/04\/Frame-611.png\">\n                                                <img decoding=\"async\" src=\"https:\/\/www.teamplate.io\/wp-content\/uploads\/2023\/04\/Frame-612-1.png\">\n                    <\/picture>\n                <\/div>\n            \n        <\/div>\n    <\/div>\n<\/section>\n\n<section class=\"caption-with-image\" data-aos=\"fade-up\" data-aos-duration=\"1200\" style=\"background-color: \">\n    <div class=\"caption-with-image__container\">\n        <div class=\"caption-with-image__content\">\n\n                            <div class=\"caption-with-image__caption\">\n\n                                            <h2 class=\"caption-with-image__title\">\n                            Dein Eigener Data Room                        <\/h2>\n                    \n                                            <div class=\"caption-with-image__text\">\n                            <p>Entdecke die Vorteile deines eigenen Data Rooms, in dem Du alle Deine wichtigen Ordner und Dateien an einem zentralen Ort speichern kannst. Profitiere von einem optimierten Workflow und erh\u00f6hter Produktivit\u00e4t, da Du alle wichtigen Dateien direkt zur Hand hast.<\/p>\n                        <\/div>\n                    \n                                            <ul class=\"caption-with-image__list\">\n                                                                                                <li class=\"caption-with-image__list-item\">\n                                        Zentraler Speicherort                                    <\/li>\n                                                                                                                                <li class=\"caption-with-image__list-item\">\n                                        Optimierter Workflow                                    <\/li>\n                                                                                                                                <li class=\"caption-with-image__list-item\">\n                                        Erh\u00f6hte Produktivit\u00e4t                                    <\/li>\n                                                                                    <\/ul>\n                    \n                    \n                    \n                                                    <a class=\"caption-with-image__link\" href=\"https:\/\/app.teamplate.io\/auth\/register\" target=\"\" rel=\"noopener\">\n                                Try teamplate                            <\/a>\n                        \n\n                        \n                    \n                <\/div>\n            \n                            <div class=\"caption-with-image__image\">\n                    <picture>\n                                                    <source media=\"(min-width:576px)\" srcset=\"https:\/\/www.teamplate.io\/wp-content\/uploads\/2023\/04\/Frame-613.png\">\n                                                <img decoding=\"async\" src=\"https:\/\/www.teamplate.io\/wp-content\/uploads\/2023\/04\/Frame-612-2.png\">\n                    <\/picture>\n                <\/div>\n            \n        <\/div>\n    <\/div>\n<\/section>\n\n<section class=\"ds-newsletter d-md-none\" data-aos=\"fade-up\" data-aos-duration=\"1200\" id=\"form\">\n\t<div class=\"\">\n        <div class=\"ds-newsletter__wrapper\">\n            <div class=\"row\">\n                <div class=\"col-xl-7\">\n\t\t\t                                <h1 class=\"ds-newsletter__heading\">Try it out today and see the benefits for yourself!<\/h1>\n\t\t\t        \t\t\t                                <p class=\"ds-newsletter__content\">Type in your e-mail address and be one of the first to try teamplate.<\/p>\n\t\t\t                            <a href=\"https:\/\/app.teamplate.io\/auth\/register\" class=\"cta-button cta-button-green font-weight-bold\" target=\"_blank\" rel=\"noopener\">Register<\/a>\n\n                <\/div>\n                <div class=\"col-xl-5 pl-xl-5 d-flex align-items-center\">\n\t\t\t                                <div class=\"d-flex flex-column align-items-center w-100 align-items-xl-start ds-newsletter__logo\">\n                            <img decoding=\"async\" src=\"https:\/\/www.teamplate.io\/wp-content\/uploads\/2022\/07\/1655771298886image-1.png\">\n                            <img decoding=\"async\" class=\"ds-logo-de\" src=\"\/wp-content\/themes\/teamplate-lp\/assets\/header-stick.png\" alt=\"\">\n                        <\/div>\n\t\t\t                           \n                <\/div>\n            <\/div>\n        <\/div>\n\n\t<\/div>\n<\/section>\n\n","protected":false},"excerpt":{"rendered":"","protected":false},"author":4,"featured_media":0,"parent":0,"menu_order":0,"comment_status":"closed","ping_status":"closed","template":"","meta":{"inline_featured_image":false},"acf":[],"_links":{"self":[{"href":"https:\/\/www.teamplate.io\/de\/wp-json\/wp\/v2\/pages\/1071"}],"collection":[{"href":"https:\/\/www.teamplate.io\/de\/wp-json\/wp\/v2\/pages"}],"about":[{"href":"https:\/\/www.teamplate.io\/de\/wp-json\/wp\/v2\/types\/page"}],"author":[{"embeddable":true,"href":"https:\/\/www.teamplate.io\/de\/wp-json\/wp\/v2\/users\/4"}],"replies":[{"embeddable":true,"href":"https:\/\/www.teamplate.io\/de\/wp-json\/wp\/v2\/comments?post=1071"}],"version-history":[{"count":37,"href":"https:\/\/www.teamplate.io\/de\/wp-json\/wp\/v2\/pages\/1071\/revisions"}],"predecessor-version":[{"id":1466,"href":"https:\/\/www.teamplate.io\/de\/wp-json\/wp\/v2\/pages\/1071\/revisions\/1466"}],"wp:attachment":[{"href":"https:\/\/www.teamplate.io\/de\/wp-json\/wp\/v2\/media?parent=1071"}],"curies":[{"name":"wp","href":"https:\/\/api.w.org\/{rel}","templated":true}]}}